{"id":12709,"date":"2016-11-24T16:10:06","date_gmt":"2016-11-24T15:10:06","guid":{"rendered":"https:\/\/www.cucchi-ma.it\/azienda\/"},"modified":"2024-01-02T08:37:53","modified_gmt":"2024-01-02T07:37:53","slug":"societe","status":"publish","type":"page","link":"https:\/\/www.cucchi-ma.it\/fr\/societe\/","title":{"rendered":"Soci\u00e9t\u00e9"},"content":{"rendered":"<div class=\"fusion-fullwidth fullwidth-box fusion-builder-row-1 hundred-percent-fullwidth non-hundred-percent-height-scrolling\" style=\"--awb-border-radius-top-left:0px;--awb-border-radius-top-right:0px;--awb-border-radius-bottom-right:0px;--awb-border-radius-bottom-left:0px;--awb-margin-top:0px;--awb-flex-wrap:wrap;\" ><div class=\"fusion-builder-row fusion-row\"><div class=\"fusion-layout-column fusion_builder_column fusion-builder-column-0 fusion_builder_column_1_1 1_1 fusion-one-full fusion-column-first fusion-column-last fusion-column-no-min-height\" style=\"--awb-bg-size:cover;--awb-margin-bottom:0px;\"><div class=\"fusion-column-wrapper fusion-flex-column-wrapper-legacy\"><div class=\"fusion-builder-row fusion-builder-row-inner fusion-row\"><div class=\"fusion-layout-column fusion_builder_column_inner fusion-builder-nested-column-0 fusion_builder_column_inner_3_4 3_4 fusion-three-fourth fusion-column-first\" style=\"--awb-bg-size:cover;--awb-margin-bottom:0px;width:75%;width:calc(75% - ( ( 4% ) * 0.75 ) );margin-right: 4%;\"><div class=\"fusion-column-wrapper fusion-flex-column-wrapper-legacy\"><div class=\"fusion-title title fusion-title-1 fusion-title-text fusion-title-size-two\"><h2 class=\"fusion-title-heading title-heading-left fusion-responsive-typography-calculated\" style=\"margin:0;--fontSize:18;--minFontSize:18;line-height:1.5;\">Qui sommes nous<\/h2><span class=\"awb-title-spacer\"><\/span><div class=\"title-sep-container\"><div class=\"title-sep sep-double sep-solid\" style=\"border-color:#e0dede;\"><\/div><\/div><\/div><div class=\"fusion-text fusion-text-1\"><p>La societ\u00e9\u00a0<strong>CUCCHI Machines Agricoles<\/strong>\u00a0naisse \u00e0\u00a0<strong>Castelnovo Sotto<\/strong>, pr\u00e8s de\u00a0<strong>Reggio Emilia<\/strong>, au centre de la plus importante zone dedi\u00e9e \u00e0 l\u2019agriculture en\u00a0<strong>Italie<\/strong>.<br \/>\n\u00c0 travers le travail dans les champs \u00e0 cultiver, elle a appris \u00e0 construire des machines agricoles qui garantissent une majeure production avec moins d\u2019effort, gr\u00e2ce aux outils robustes, fiables, \u00e9clectiques, simples ou sophistiqu\u00e9s selon les cas. Ces outils r\u00e9pondent aux plusieurs exigences de l\u2019agriculture moderne, pour ce qui concerne le travail du sol.<br \/>\nChez nous, on a travaill\u00e9 et on travaille avec succ\u00e8s pour r\u00e9aliser des excellentes machines, garantir de bons prix et assurer une assistance ponctuelle.<br \/>\nCe sont des machines contruites \u00e0 mesure d\u2019homme, d\u2019utilisation tr\u00e8s facile, capables de laisser des traces tangibles sur le sol et surtout elles sont tr\u00e8s r\u00e9sistantes. Ces machines ont \u00e9t\u00e9 construites par qui conna\u00eet les difficult\u00e9s du travail du sol, gr\u00e2ce \u00e0 l\u2019experience qu\u2019on a eu dans ce secteur.<br \/>\nNous confions \u00e0 l\u2019agriculture moderne notre connaissance et le t\u00e9moignage des r\u00e9sultats qui nous placent parmi les entreprises avec plus d\u2019experience dans ce secteur.<\/p>\n<\/div><div class=\"fusion-clearfix\"><\/div><\/div><\/div><div class=\"fusion-layout-column fusion_builder_column_inner fusion-builder-nested-column-1 fusion_builder_column_inner_1_4 1_4 fusion-one-fourth fusion-column-last\" style=\"--awb-padding-top:10px;--awb-padding-bottom:10px;--awb-bg-color:#e2e2e2;--awb-bg-color-hover:#e2e2e2;--awb-bg-size:cover;--awb-margin-bottom:0px;width:25%;width:calc(25% - ( ( 4% ) * 0.25 ) );\"><div class=\"fusion-column-wrapper fusion-flex-column-wrapper-legacy\"><div class=\"fusion-sep-clear\"><\/div><div class=\"fusion-separator fusion-full-width-sep\" style=\"margin-left: auto;margin-right: auto;margin-top:20px;width:100%;\"><\/div><div class=\"fusion-sep-clear\"><\/div><div class=\"fusion-image-element fusion-image-align-center in-legacy-container\" style=\"text-align:center;--awb-caption-title-font-family:var(--h2_typography-font-family);--awb-caption-title-font-weight:var(--h2_typography-font-weight);--awb-caption-title-font-style:var(--h2_typography-font-style);--awb-caption-title-size:var(--h2_typography-font-size);--awb-caption-title-transform:var(--h2_typography-text-transform);--awb-caption-title-line-height:var(--h2_typography-line-height);--awb-caption-title-letter-spacing:var(--h2_typography-letter-spacing);\"><div class=\"imageframe-align-center\"><span class=\" fusion-imageframe imageframe-none imageframe-1 hover-type-none padding10 sfondo-bianco margin-top20 fusion-animated\" style=\"border:3px solid rgba(246,246,246,0.78);border-radius:30px;\" data-animationType=\"bounceInUp\" data-animationDuration=\"0.3\" data-animationOffset=\"top-into-view\"><img decoding=\"async\" width=\"150\" height=\"150\" title=\"logo-60-con-bandiera\" src=\"https:\/\/www.cucchi-ma.it\/wp-content\/uploads\/2024\/01\/logo-60-con-bandiera.webp\" data-orig-src=\"https:\/\/www.cucchi-ma.it\/wp-content\/uploads\/2024\/01\/logo-60-con-bandiera-150x150.webp\" alt class=\"lazyload img-responsive wp-image-13805\" srcset=\"data:image\/svg+xml,%3Csvg%20xmlns%3D%27http%3A%2F%2Fwww.w3.org%2F2000%2Fsvg%27%20width%3D%27695%27%20height%3D%27695%27%20viewBox%3D%270%200%20695%20695%27%3E%3Crect%20width%3D%27695%27%20height%3D%27695%27%20fill-opacity%3D%220%22%2F%3E%3C%2Fsvg%3E\" data-srcset=\"https:\/\/www.cucchi-ma.it\/wp-content\/uploads\/2024\/01\/logo-60-con-bandiera-66x66.webp 66w, https:\/\/www.cucchi-ma.it\/wp-content\/uploads\/2024\/01\/logo-60-con-bandiera-150x150.webp 150w, https:\/\/www.cucchi-ma.it\/wp-content\/uploads\/2024\/01\/logo-60-con-bandiera-200x200.webp 200w, https:\/\/www.cucchi-ma.it\/wp-content\/uploads\/2024\/01\/logo-60-con-bandiera-300x300.webp 300w, https:\/\/www.cucchi-ma.it\/wp-content\/uploads\/2024\/01\/logo-60-con-bandiera-400x400.webp 400w, https:\/\/www.cucchi-ma.it\/wp-content\/uploads\/2024\/01\/logo-60-con-bandiera-600x600.webp 600w, https:\/\/www.cucchi-ma.it\/wp-content\/uploads\/2024\/01\/logo-60-con-bandiera.webp 695w\" data-sizes=\"auto\" data-orig-sizes=\"(max-width: 800px) 100vw, 400px\" \/><\/span><\/div><\/div><div class=\"fusion-title title fusion-title-2 fusion-sep-none fusion-title-center fusion-title-text fusion-title-size-two\" style=\"--awb-margin-top:30px;\"><h2 class=\"fusion-title-heading title-heading-center fusion-responsive-typography-calculated\" style=\"margin:0;--fontSize:18;--minFontSize:18;line-height:1.5;\">60 Ans de machines agricoles<\/h2><\/div><div class=\"fusion-sep-clear\"><\/div><div class=\"fusion-separator fusion-full-width-sep\" style=\"margin-left: auto;margin-right: auto;margin-top:10px;width:100%;\"><\/div><div class=\"fusion-sep-clear\"><\/div><div class=\"fusion-clearfix\"><\/div><\/div><\/div><\/div><div class=\"fusion-sep-clear\"><\/div><div class=\"fusion-separator fusion-full-width-sep\" style=\"margin-left: auto;margin-right: auto;margin-top:10px;margin-bottom:10px;width:100%;\"><\/div><div class=\"fusion-sep-clear\"><\/div><div class=\"fusion-clearfix\"><\/div><\/div><\/div><\/div><\/div>\n","protected":false},"excerpt":{"rendered":"","protected":false},"author":1,"featured_media":0,"parent":0,"menu_order":0,"comment_status":"closed","ping_status":"closed","template":"","meta":{"footnotes":""},"class_list":["post-12709","page","type-page","status-publish","hentry"],"yoast_head":"<!-- This site is optimized with the Yoast SEO plugin v26.1.1 - https:\/\/yoast.com\/wordpress\/plugins\/seo\/ -->\n<title>CUCCHI machines agricoles pour vigne-vergers-travaiile du sol<\/title>\n<meta name=\"description\" content=\"La societ\u00e9 CUCCHI Machines Agricoles naisse \u00e0 Castelnovo Sotto, pr\u00e8s de Reggio Emilia, au centre de la plus importante zone dedi\u00e9e \u00e0 l&#039;agriculture en Italie\" \/>\n<meta name=\"robots\" content=\"index, follow, max-snippet:-1, max-image-preview:large, max-video-preview:-1\" \/>\n<link rel=\"canonical\" href=\"https:\/\/www.cucchi-ma.it\/azienda-macchine-agricole\/\" \/>\n<meta property=\"og:locale\" content=\"fr_FR\" \/>\n<meta property=\"og:type\" content=\"article\" \/>\n<meta property=\"og:title\" content=\"CUCCHI machines agricoles pour vigne-vergers-travaiile du sol\" \/>\n<meta property=\"og:description\" content=\"La societ\u00e9 CUCCHI Machines Agricoles naisse \u00e0 Castelnovo Sotto, pr\u00e8s de Reggio Emilia, au centre de la plus importante zone dedi\u00e9e \u00e0 l&#039;agriculture en Italie\" \/>\n<meta property=\"og:url\" content=\"https:\/\/www.cucchi-ma.it\/azienda-macchine-agricole\/\" \/>\n<meta property=\"og:site_name\" content=\"CUCCHI Machines Agricoles\" \/>\n<meta property=\"article:modified_time\" content=\"2024-01-02T07:37:53+00:00\" \/>\n<meta name=\"twitter:card\" content=\"summary_large_image\" \/>\n<meta name=\"twitter:label1\" content=\"Dur\u00e9e de lecture estim\u00e9e\" \/>\n\t<meta name=\"twitter:data1\" content=\"6 minutes\" \/>\n<script type=\"application\/ld+json\" class=\"yoast-schema-graph\">{\"@context\":\"https:\/\/schema.org\",\"@graph\":[{\"@type\":\"WebPage\",\"@id\":\"https:\/\/www.cucchi-ma.it\/azienda-macchine-agricole\/\",\"url\":\"https:\/\/www.cucchi-ma.it\/azienda-macchine-agricole\/\",\"name\":\"CUCCHI machines agricoles pour vigne-vergers-travaiile du sol\",\"isPartOf\":{\"@id\":\"https:\/\/www.cucchi-ma.it\/#website\"},\"datePublished\":\"2016-11-24T15:10:06+00:00\",\"dateModified\":\"2024-01-02T07:37:53+00:00\",\"description\":\"La societ\u00e9 CUCCHI Machines Agricoles naisse \u00e0 Castelnovo Sotto, pr\u00e8s de Reggio Emilia, au centre de la plus importante zone dedi\u00e9e \u00e0 l'agriculture en Italie\",\"breadcrumb\":{\"@id\":\"https:\/\/www.cucchi-ma.it\/azienda-macchine-agricole\/#breadcrumb\"},\"inLanguage\":\"fr-FR\",\"potentialAction\":[{\"@type\":\"ReadAction\",\"target\":[\"https:\/\/www.cucchi-ma.it\/azienda-macchine-agricole\/\"]}]},{\"@type\":\"BreadcrumbList\",\"@id\":\"https:\/\/www.cucchi-ma.it\/azienda-macchine-agricole\/#breadcrumb\",\"itemListElement\":[{\"@type\":\"ListItem\",\"position\":1,\"name\":\"Home\",\"item\":\"https:\/\/www.cucchi-ma.it\/fr\/\"},{\"@type\":\"ListItem\",\"position\":2,\"name\":\"Soci\u00e9t\u00e9\"}]},{\"@type\":\"WebSite\",\"@id\":\"https:\/\/www.cucchi-ma.it\/#website\",\"url\":\"https:\/\/www.cucchi-ma.it\/\",\"name\":\"CUCCHI Machines Agricoles\",\"description\":\"Costruzione Macchine Agricole\",\"potentialAction\":[{\"@type\":\"SearchAction\",\"target\":{\"@type\":\"EntryPoint\",\"urlTemplate\":\"https:\/\/www.cucchi-ma.it\/?s={search_term_string}\"},\"query-input\":{\"@type\":\"PropertyValueSpecification\",\"valueRequired\":true,\"valueName\":\"search_term_string\"}}],\"inLanguage\":\"fr-FR\"}]}<\/script>\n<!-- \/ Yoast SEO plugin. -->","yoast_head_json":{"title":"CUCCHI machines agricoles pour vigne-vergers-travaiile du sol","description":"La societ\u00e9 CUCCHI Machines Agricoles naisse \u00e0 Castelnovo Sotto, pr\u00e8s de Reggio Emilia, au centre de la plus importante zone dedi\u00e9e \u00e0 l'agriculture en Italie","robots":{"index":"index","follow":"follow","max-snippet":"max-snippet:-1","max-image-preview":"max-image-preview:large","max-video-preview":"max-video-preview:-1"},"canonical":"https:\/\/www.cucchi-ma.it\/azienda-macchine-agricole\/","og_locale":"fr_FR","og_type":"article","og_title":"CUCCHI machines agricoles pour vigne-vergers-travaiile du sol","og_description":"La societ\u00e9 CUCCHI Machines Agricoles naisse \u00e0 Castelnovo Sotto, pr\u00e8s de Reggio Emilia, au centre de la plus importante zone dedi\u00e9e \u00e0 l'agriculture en Italie","og_url":"https:\/\/www.cucchi-ma.it\/azienda-macchine-agricole\/","og_site_name":"CUCCHI Machines Agricoles","article_modified_time":"2024-01-02T07:37:53+00:00","twitter_card":"summary_large_image","twitter_misc":{"Dur\u00e9e de lecture estim\u00e9e":"6 minutes"},"schema":{"@context":"https:\/\/schema.org","@graph":[{"@type":"WebPage","@id":"https:\/\/www.cucchi-ma.it\/azienda-macchine-agricole\/","url":"https:\/\/www.cucchi-ma.it\/azienda-macchine-agricole\/","name":"CUCCHI machines agricoles pour vigne-vergers-travaiile du sol","isPartOf":{"@id":"https:\/\/www.cucchi-ma.it\/#website"},"datePublished":"2016-11-24T15:10:06+00:00","dateModified":"2024-01-02T07:37:53+00:00","description":"La societ\u00e9 CUCCHI Machines Agricoles naisse \u00e0 Castelnovo Sotto, pr\u00e8s de Reggio Emilia, au centre de la plus importante zone dedi\u00e9e \u00e0 l'agriculture en Italie","breadcrumb":{"@id":"https:\/\/www.cucchi-ma.it\/azienda-macchine-agricole\/#breadcrumb"},"inLanguage":"fr-FR","potentialAction":[{"@type":"ReadAction","target":["https:\/\/www.cucchi-ma.it\/azienda-macchine-agricole\/"]}]},{"@type":"BreadcrumbList","@id":"https:\/\/www.cucchi-ma.it\/azienda-macchine-agricole\/#breadcrumb","itemListElement":[{"@type":"ListItem","position":1,"name":"Home","item":"https:\/\/www.cucchi-ma.it\/fr\/"},{"@type":"ListItem","position":2,"name":"Soci\u00e9t\u00e9"}]},{"@type":"WebSite","@id":"https:\/\/www.cucchi-ma.it\/#website","url":"https:\/\/www.cucchi-ma.it\/","name":"CUCCHI Machines Agricoles","description":"Costruzione Macchine Agricole","potentialAction":[{"@type":"SearchAction","target":{"@type":"EntryPoint","urlTemplate":"https:\/\/www.cucchi-ma.it\/?s={search_term_string}"},"query-input":{"@type":"PropertyValueSpecification","valueRequired":true,"valueName":"search_term_string"}}],"inLanguage":"fr-FR"}]}},"_links":{"self":[{"href":"https:\/\/www.cucchi-ma.it\/fr\/wp-json\/wp\/v2\/pages\/12709","targetHints":{"allow":["GET"]}}],"collection":[{"href":"https:\/\/www.cucchi-ma.it\/fr\/wp-json\/wp\/v2\/pages"}],"about":[{"href":"https:\/\/www.cucchi-ma.it\/fr\/wp-json\/wp\/v2\/types\/page"}],"author":[{"embeddable":true,"href":"https:\/\/www.cucchi-ma.it\/fr\/wp-json\/wp\/v2\/users\/1"}],"replies":[{"embeddable":true,"href":"https:\/\/www.cucchi-ma.it\/fr\/wp-json\/wp\/v2\/comments?post=12709"}],"version-history":[{"count":9,"href":"https:\/\/www.cucchi-ma.it\/fr\/wp-json\/wp\/v2\/pages\/12709\/revisions"}],"predecessor-version":[{"id":13819,"href":"https:\/\/www.cucchi-ma.it\/fr\/wp-json\/wp\/v2\/pages\/12709\/revisions\/13819"}],"wp:attachment":[{"href":"https:\/\/www.cucchi-ma.it\/fr\/wp-json\/wp\/v2\/media?parent=12709"}],"curies":[{"name":"wp","href":"https:\/\/api.w.org\/{rel}","templated":true}]}}