{"id":12747,"date":"2017-01-18T17:27:31","date_gmt":"2017-01-18T16:27:31","guid":{"rendered":"https:\/\/www.cucchi-ma.it\/privacy-cookie-policy\/"},"modified":"2017-11-22T08:59:55","modified_gmt":"2017-11-22T07:59:55","slug":"privacy-cookie-policy","status":"publish","type":"page","link":"https:\/\/www.cucchi-ma.it\/fr\/privacy-cookie-policy\/","title":{"rendered":"Privacy &#038; Cookie Policy"},"content":{"rendered":"<div class=\"fusion-fullwidth fullwidth-box fusion-builder-row-1 nonhundred-percent-fullwidth non-hundred-percent-height-scrolling\" style=\"--awb-border-radius-top-left:0px;--awb-border-radius-top-right:0px;--awb-border-radius-bottom-right:0px;--awb-border-radius-bottom-left:0px;--awb-padding-top:20px;--awb-padding-bottom:20px;--awb-flex-wrap:wrap;\" ><div class=\"fusion-builder-row fusion-row\"><div class=\"fusion-layout-column fusion_builder_column fusion-builder-column-0 fusion_builder_column_1_1 1_1 fusion-one-full fusion-column-first fusion-column-last\" style=\"--awb-bg-size:cover;\"><div class=\"fusion-column-wrapper fusion-flex-column-wrapper-legacy\"><div class=\"fusion-text fusion-text-1\"><p>Attention<br \/>\nCette page d\u00e9crit comment g\u00e9rer le site en r\u00e9f\u00e9rence au traitement des donn\u00e9es personnelles des utilisateurs qui le consultent.<br \/>\nCes informations sont fournies conform\u00e9ment \u00e0 l&rsquo;art. 13 du d\u00e9cret l\u00e9gislatif no. n. 196\/2003 &#8211; Code relatif \u00e0 la protection des donn\u00e9es personnelles aux personnes qui interagissent avec les services web d&rsquo;Officina Meccanica Cucchi snc pour la protection des donn\u00e9es personnelles, accessible \u00e9lectroniquement \u00e0 partir des adresses suivantes:<br \/>\nhttps:\/\/www.cucchi-ma.it\/<br \/>\ncorrespondant \u00e0 la page d&rsquo;accueil du site.<br \/>\nLes informations ne sont fournies que pour le site web d&rsquo;Officina Meccanina Cucchi snc et non pour d&rsquo;autres sites web qui peuvent \u00eatre consult\u00e9s par l&rsquo;utilisateur \u00e0 travers des liens.<\/p>\n<p>TITRE ET RESPONSABILIT\u00c9 DU TRAITEMENT<br \/>\nLe responsable du traitement des donn\u00e9es des personnes identifi\u00e9es ou identifiables en consultant ce site est Officina Meccanica Cucchi snc, dont le si\u00e8ge social est situ\u00e9 \u00e0 Castelnovo di Sotto (RE) &#8211; 42024, Via Boccaccio 9.<br \/>\nNum\u00e9ro de TVA 003536363640352.<br \/>\nOfficina Meccanica Cucchi snc est responsable du traitement conform\u00e9ment \u00e0 l&rsquo;article 29 du Code sur la protection des donn\u00e9es personnelles.<\/p>\n<p>LIEU DE TRAITEMENT DES DONN\u00c9ES<br \/>\nLes traitements li\u00e9s aux services web de ce site ont lieu dans les locaux susmentionn\u00e9s d&rsquo;Officina Meccanica Cucchi snc et ne sont effectu\u00e9s que par le personnel technique du bureau en charge du traitement. En cas de besoin, les donn\u00e9es li\u00e9es au service newsletter peuvent \u00eatre trait\u00e9es par le personnel des soci\u00e9t\u00e9s charg\u00e9es de la maintenance de la partie technologique du site, au si\u00e8ge des m\u00eames soci\u00e9t\u00e9s.<\/p>\n<p>TYPES DE DONN\u00c9ES TRAIT\u00c9ES<br \/>\nDonn\u00e9es de navigation<br \/>\nLes syst\u00e8mes informatiques et les proc\u00e9dures logicielles utilis\u00e9s pour exploiter ce site web acqui\u00e8rent, pendant leur fonctionnement normal, certaines donn\u00e9es personnelles dont la transmission est implicite dans l&rsquo;utilisation des protocoles de communication Internet.<br \/>\nIl s&rsquo;agit d&rsquo;informations qui ne sont pas collect\u00e9es dans le but d&rsquo;\u00eatre associ\u00e9es \u00e0 des parties int\u00e9ress\u00e9es identifi\u00e9es, mais qui, de par leur nature m\u00eame, pourraient, par le traitement et l&rsquo;association avec des donn\u00e9es d\u00e9tenues par des tiers, permettre d&rsquo;identifier les utilisateurs.<br \/>\nCette cat\u00e9gorie de donn\u00e9es comprend les adresses IP ou noms de domaine des ordinateurs utilis\u00e9s par les utilisateurs se connectant au site, les adresses URI (Uniform Resource Identifier) des ressources demand\u00e9es, l&rsquo;heure de la demande, la m\u00e9thode utilis\u00e9e pour soumettre la demande au serveur, la taille du fichier obtenu en r\u00e9ponse, le code num\u00e9rique indiquant l&rsquo;\u00e9tat de la r\u00e9ponse donn\u00e9e par le serveur (bonne fin, erreur, etc.) et d&rsquo;autres param\u00e8tres li\u00e9s au syst\u00e8me d&rsquo;exploitation et \u00e0 l&rsquo;environnement.<br \/>\nCes donn\u00e9es sont utilis\u00e9es dans le seul but d&rsquo;obtenir des informations statistiques anonymes sur l&rsquo;utilisation du site et de v\u00e9rifier son bon fonctionnement et sont effac\u00e9es imm\u00e9diatement apr\u00e8s le traitement. Les donn\u00e9es pourraient \u00eatre utilis\u00e9es pour v\u00e9rifier la responsabilit\u00e9 en cas de d\u00e9lits informatiques hypoth\u00e9tiques contre le site: \u00e0 l&rsquo;exception de cette \u00e9ventualit\u00e9, les donn\u00e9es sur les contacts web ne persistent actuellement pas plus de sept jours.<br \/>\nDonn\u00e9es fournies volontairement par l&rsquo;utilisateur<br \/>\nL&rsquo;envoi facultatif, explicite et volontaire de courrier \u00e9lectronique aux adresses indiqu\u00e9es sur ce site implique l&rsquo;acquisition ult\u00e9rieure de l&rsquo;adresse de l&rsquo;exp\u00e9diteur, n\u00e9cessaire pour r\u00e9pondre aux demandes, ainsi que toutes autres donn\u00e9es personnelles incluses dans le message.<br \/>\nDes informations sommaires sp\u00e9cifiques seront progressivement report\u00e9es ou affich\u00e9es dans les pages du site pr\u00e9par\u00e9es pour des services particuliers sur demande.<\/p>\n<p>CARACT\u00c8RE FACULTATIF DE LA FOURNITURE DES DONN\u00c9ES<br \/>\nEn dehors de ce qui est sp\u00e9cifi\u00e9 pour les donn\u00e9es de navigation, l&rsquo;utilisateur est libre de fournir des donn\u00e9es personnelles contenues dans les formulaires de demande \u00e0 Officina Meccanica Cucchi snc ou indiqu\u00e9es dans les contacts avec l&rsquo;Office pour demander l&rsquo;envoi de bulletins d&rsquo;information, de mat\u00e9riel informatif ou d&rsquo;autres communications.<br \/>\nDans le cas contraire, il peut \u00eatre impossible d&rsquo;obtenir les renseignements demand\u00e9s.<br \/>\nPar souci d&rsquo;exhaustivit\u00e9, il convient de rappeler que, dans certains cas (non soumis \u00e0 la gestion ordinaire de ce site), l&rsquo;Autorit\u00e9 peut, conform\u00e9ment \u00e0 l&rsquo;article 157 du Code de la protection des donn\u00e9es \u00e0 caract\u00e8re personnel, demander des nouvelles et des informations aux fins du contr\u00f4le du traitement des donn\u00e9es \u00e0 caract\u00e8re personnel. Dans ce cas, la r\u00e9ponse est obligatoire sous peine de sanction administrative.<\/p>\n<p>CONFIDENTIALIT\u00c9 DES DONN\u00c9ES<br \/>\nToute communication \u00e0 des tiers ou diffusion de vos donn\u00e9es personnelles ne peut \u00eatre faite sans votre accord pr\u00e9alable. Officina Meccanica Cucchi snc ne divulguera pas vos donn\u00e9es personnelles \u00e0 des tiers.<br \/>\nN\u00e9anmoins, ces donn\u00e9es peuvent occasionnellement \u00eatre transmises \u00e0 des tiers agissant pour le compte de Officina Meccanica Cucchi snc ou dans le cadre des activit\u00e9s commerciales de celle-ci, afin d&rsquo;effectuer un traitement ult\u00e9rieur conform\u00e9ment aux finalit\u00e9s pour lesquelles elles ont \u00e9t\u00e9 collect\u00e9es \u00e0 l&rsquo;origine.<\/p>\n<p>Si la communication de donn\u00e9es personnelles \u00e0 des tiers est probable ou n\u00e9cessaire pour quelque raison que ce soit, Officina Meccanica Cucchi snc veillera \u00e0 ce que cette communication et l&rsquo;utilisation pr\u00e9vue des donn\u00e9es soient clairement indiqu\u00e9es aux fins d&rsquo;une expression correcte du consentement.<\/p>\n<p>MODALIT\u00c9 DE TRAITEMENT<br \/>\nLes donn\u00e9es personnelles sont trait\u00e9es avec des outils automatis\u00e9s pendant le temps strictement n\u00e9cessaire \u00e0 la r\u00e9alisation des finalit\u00e9s pour lesquelles elles ont \u00e9t\u00e9 collect\u00e9es.<br \/>\nDes mesures de s\u00e9curit\u00e9 sp\u00e9cifiques sont observ\u00e9es afin d&rsquo;\u00e9viter la perte de donn\u00e9es, une utilisation ill\u00e9gale ou incorrecte et un acc\u00e8s non autoris\u00e9.<\/p>\n<p>DROITS DES PERSONNES CONCERN\u00c9ES<br \/>\nLes sujets auxquels se r\u00e9f\u00e8rent les donn\u00e9es personnelles ont le droit \u00e0 tout moment d&rsquo;obtenir la confirmation de l&rsquo;existence ou non de ces donn\u00e9es et d&rsquo;en conna\u00eetre le contenu et l&rsquo;origine, de v\u00e9rifier leur exactitude ou d&rsquo;en demander l&rsquo;int\u00e9gration, la mise \u00e0 jour ou la rectification (article 7 du Code de la Protection des Donn\u00e9es \u00e0 Caract\u00e8re Personnel).<br \/>\nConform\u00e9ment au m\u00eame article, vous avez le droit de demander l&rsquo;annulation, la transformation sous forme anonyme ou le blocage des donn\u00e9es trait\u00e9es en violation de la loi, ainsi que de vous opposer en tout cas, pour des raisons l\u00e9gitimes, \u00e0 leur traitement.<br \/>\nLes demandes doivent \u00eatre adress\u00e9es:<br \/>\npar courriel, \u00e0 info@cucchi-ma.it<br \/>\npar fax: + 39 0522 682173<br \/>\nou par la poste, \u00e0 Officina Meccanica Cucchi snc si\u00e8ge social \u00e0 Castelnovo di Sotto (RE) &#8211; 42024, Via Boccaccio 9.<\/p>\n<\/div><div class=\"fusion-clearfix\"><\/div><\/div><\/div><\/div><\/div>\n","protected":false},"excerpt":{"rendered":"","protected":false},"author":1,"featured_media":0,"parent":0,"menu_order":0,"comment_status":"closed","ping_status":"closed","template":"","meta":{"footnotes":""},"class_list":["post-12747","page","type-page","status-publish","hentry"],"yoast_head":"<!-- This site is optimized with the Yoast SEO plugin v26.1.1 - https:\/\/yoast.com\/wordpress\/plugins\/seo\/ -->\n<title>Privacy &amp; Cookie Policy - CUCCHI Machines Agricoles<\/title>\n<meta name=\"robots\" content=\"index, follow, max-snippet:-1, max-image-preview:large, max-video-preview:-1\" \/>\n<link rel=\"canonical\" href=\"https:\/\/www.cucchi-ma.it\/fr\/privacy-cookie-policy\/\" \/>\n<meta property=\"og:locale\" content=\"fr_FR\" \/>\n<meta property=\"og:type\" content=\"article\" \/>\n<meta property=\"og:title\" content=\"Privacy &amp; Cookie Policy - CUCCHI Machines Agricoles\" \/>\n<meta property=\"og:url\" content=\"https:\/\/www.cucchi-ma.it\/fr\/privacy-cookie-policy\/\" \/>\n<meta property=\"og:site_name\" content=\"CUCCHI Machines Agricoles\" \/>\n<meta property=\"article:modified_time\" content=\"2017-11-22T07:59:55+00:00\" \/>\n<meta name=\"twitter:card\" content=\"summary_large_image\" \/>\n<meta name=\"twitter:label1\" content=\"Dur\u00e9e de lecture estim\u00e9e\" \/>\n\t<meta name=\"twitter:data1\" content=\"6 minutes\" \/>\n<script type=\"application\/ld+json\" class=\"yoast-schema-graph\">{\"@context\":\"https:\/\/schema.org\",\"@graph\":[{\"@type\":\"WebPage\",\"@id\":\"https:\/\/www.cucchi-ma.it\/fr\/privacy-cookie-policy\/\",\"url\":\"https:\/\/www.cucchi-ma.it\/fr\/privacy-cookie-policy\/\",\"name\":\"Privacy & Cookie Policy - CUCCHI Machines Agricoles\",\"isPartOf\":{\"@id\":\"https:\/\/www.cucchi-ma.it\/#website\"},\"datePublished\":\"2017-01-18T16:27:31+00:00\",\"dateModified\":\"2017-11-22T07:59:55+00:00\",\"breadcrumb\":{\"@id\":\"https:\/\/www.cucchi-ma.it\/fr\/privacy-cookie-policy\/#breadcrumb\"},\"inLanguage\":\"fr-FR\",\"potentialAction\":[{\"@type\":\"ReadAction\",\"target\":[\"https:\/\/www.cucchi-ma.it\/fr\/privacy-cookie-policy\/\"]}]},{\"@type\":\"BreadcrumbList\",\"@id\":\"https:\/\/www.cucchi-ma.it\/fr\/privacy-cookie-policy\/#breadcrumb\",\"itemListElement\":[{\"@type\":\"ListItem\",\"position\":1,\"name\":\"Home\",\"item\":\"https:\/\/www.cucchi-ma.it\/fr\/\"},{\"@type\":\"ListItem\",\"position\":2,\"name\":\"Privacy &#038; Cookie Policy\"}]},{\"@type\":\"WebSite\",\"@id\":\"https:\/\/www.cucchi-ma.it\/#website\",\"url\":\"https:\/\/www.cucchi-ma.it\/\",\"name\":\"CUCCHI Machines Agricoles\",\"description\":\"Costruzione Macchine Agricole\",\"potentialAction\":[{\"@type\":\"SearchAction\",\"target\":{\"@type\":\"EntryPoint\",\"urlTemplate\":\"https:\/\/www.cucchi-ma.it\/?s={search_term_string}\"},\"query-input\":{\"@type\":\"PropertyValueSpecification\",\"valueRequired\":true,\"valueName\":\"search_term_string\"}}],\"inLanguage\":\"fr-FR\"}]}<\/script>\n<!-- \/ Yoast SEO plugin. -->","yoast_head_json":{"title":"Privacy & Cookie Policy - CUCCHI Machines Agricoles","robots":{"index":"index","follow":"follow","max-snippet":"max-snippet:-1","max-image-preview":"max-image-preview:large","max-video-preview":"max-video-preview:-1"},"canonical":"https:\/\/www.cucchi-ma.it\/fr\/privacy-cookie-policy\/","og_locale":"fr_FR","og_type":"article","og_title":"Privacy & Cookie Policy - CUCCHI Machines Agricoles","og_url":"https:\/\/www.cucchi-ma.it\/fr\/privacy-cookie-policy\/","og_site_name":"CUCCHI Machines Agricoles","article_modified_time":"2017-11-22T07:59:55+00:00","twitter_card":"summary_large_image","twitter_misc":{"Dur\u00e9e de lecture estim\u00e9e":"6 minutes"},"schema":{"@context":"https:\/\/schema.org","@graph":[{"@type":"WebPage","@id":"https:\/\/www.cucchi-ma.it\/fr\/privacy-cookie-policy\/","url":"https:\/\/www.cucchi-ma.it\/fr\/privacy-cookie-policy\/","name":"Privacy & Cookie Policy - CUCCHI Machines Agricoles","isPartOf":{"@id":"https:\/\/www.cucchi-ma.it\/#website"},"datePublished":"2017-01-18T16:27:31+00:00","dateModified":"2017-11-22T07:59:55+00:00","breadcrumb":{"@id":"https:\/\/www.cucchi-ma.it\/fr\/privacy-cookie-policy\/#breadcrumb"},"inLanguage":"fr-FR","potentialAction":[{"@type":"ReadAction","target":["https:\/\/www.cucchi-ma.it\/fr\/privacy-cookie-policy\/"]}]},{"@type":"BreadcrumbList","@id":"https:\/\/www.cucchi-ma.it\/fr\/privacy-cookie-policy\/#breadcrumb","itemListElement":[{"@type":"ListItem","position":1,"name":"Home","item":"https:\/\/www.cucchi-ma.it\/fr\/"},{"@type":"ListItem","position":2,"name":"Privacy &#038; Cookie Policy"}]},{"@type":"WebSite","@id":"https:\/\/www.cucchi-ma.it\/#website","url":"https:\/\/www.cucchi-ma.it\/","name":"CUCCHI Machines Agricoles","description":"Costruzione Macchine Agricole","potentialAction":[{"@type":"SearchAction","target":{"@type":"EntryPoint","urlTemplate":"https:\/\/www.cucchi-ma.it\/?s={search_term_string}"},"query-input":{"@type":"PropertyValueSpecification","valueRequired":true,"valueName":"search_term_string"}}],"inLanguage":"fr-FR"}]}},"_links":{"self":[{"href":"https:\/\/www.cucchi-ma.it\/fr\/wp-json\/wp\/v2\/pages\/12747","targetHints":{"allow":["GET"]}}],"collection":[{"href":"https:\/\/www.cucchi-ma.it\/fr\/wp-json\/wp\/v2\/pages"}],"about":[{"href":"https:\/\/www.cucchi-ma.it\/fr\/wp-json\/wp\/v2\/types\/page"}],"author":[{"embeddable":true,"href":"https:\/\/www.cucchi-ma.it\/fr\/wp-json\/wp\/v2\/users\/1"}],"replies":[{"embeddable":true,"href":"https:\/\/www.cucchi-ma.it\/fr\/wp-json\/wp\/v2\/comments?post=12747"}],"version-history":[{"count":1,"href":"https:\/\/www.cucchi-ma.it\/fr\/wp-json\/wp\/v2\/pages\/12747\/revisions"}],"predecessor-version":[{"id":12750,"href":"https:\/\/www.cucchi-ma.it\/fr\/wp-json\/wp\/v2\/pages\/12747\/revisions\/12750"}],"wp:attachment":[{"href":"https:\/\/www.cucchi-ma.it\/fr\/wp-json\/wp\/v2\/media?parent=12747"}],"curies":[{"name":"wp","href":"https:\/\/api.w.org\/{rel}","templated":true}]}}